{"id":44,"date":"2013-02-26T12:53:06","date_gmt":"2013-02-26T11:53:06","guid":{"rendered":"http:\/\/www.jornvanleeuwen.nl\/?page_id=44"},"modified":"2025-06-24T19:02:56","modified_gmt":"2025-06-24T18:02:56","slug":"cv","status":"publish","type":"page","link":"https:\/\/www.jornvanleeuwen.nl\/?page_id=44","title":{"rendered":"cv"},"content":{"rendered":"<p><strong>Jorn van Leeuwen, Utrecht 1982<\/strong><\/p>\n<p>Woont in De Bilt<br \/>\nWerkt in Utrecht<\/p>\n<p><strong>Solotentoonstellingen<br \/>\n<\/strong>&#8211; <em>8<\/em> &#8211; museum Jan Cunen &#8211; Oss &#8211; 2024<strong><br \/>\n<\/strong>&#8211; <em>vensters en nachtvissen &#8211; <\/em>Jan van Hoof Galerie &#8211; \u2019s-Hertogenbosch &#8211; 2023<strong><br \/>\n<\/strong>&#8211; <em>Suilen &#8211; <\/em>Afslag Belv\u00e9d\u00e8re &#8211; Museum Belv\u00e9d\u00e8re Heerenveen &#8211; 2020\/2021<br \/>\n<strong>&#8211; <\/strong><em>Lion-sur-Mer &#8211; <\/em>&nbsp;Jan van Hoof Galerie &#8211; 2019<br \/>\n<strong>&#8211; <\/strong><em>Dark Patterns<\/em> &#8211; Jan van Hoof Galerie &#8211; 2017<br \/>\n&#8211; <em>Wassende maan &#8211;<\/em> Van GoghHuis Zundert &#8211; boekpresentatie en tentoonstelling &#8211; &nbsp;&nbsp;&nbsp;&nbsp;&nbsp;<br \/>\n&nbsp; 2016<br \/>\n&#8211;<em> Nacht<\/em> (solo) &#8211; Jan van Hoof Galerie &#8211; 2015<br \/>\n&#8211; <em>Geraniums<\/em> &#8211; Van Gogh Galerie &#8211; Zundert &#8211; 2014<br \/>\n<strong><br \/>\nGroepstentoonstellingen (selectie)<\/p>\n<p><\/strong>&#8211; Blue zone \u2013 Kunsthal Rotterdam \u2013 Rotterdam &#8211; 2025<br \/>\n&#8211; Stil Leven \u2013 Galerie LUMC \u2013 Leiden &#8211; 2025<strong><br \/>\n<\/strong>&#8211; Kunstkamer Delft \u2013 Delft &#8211; 2025<strong><br \/>\n&#8211;<\/strong> <em>zonnebloemen voor van Gogh<\/em> &#8211; Van GoghHuis Zundert &#8211; 2024<strong><br \/>\n<\/strong>&#8211; <em>Heritage<\/em> &#8211; DnA Gallera &#8211; Rotterdam \u2013 2024<br \/>\n&#8211; <em>Nogmaals 8 &#8211; <\/em>&#8211; Jan van Hoof galerie &#8211; 2024<br \/>\n&#8211; <em>Utrecht 23<\/em> &#8211; Kunstuitleen Utrecht &#8211; Utrecht &#8211; 2023<br \/>\n&#8211; <em>The Inner space<\/em> &#8211; Jan van Hoof galerie &#8211; 2023<strong><br \/>\n&#8211; <\/strong><em>Als de dood<\/em> &#8211; Museum Belv\u00e9d\u00e8re &#8211; Heerenveen &#8211; 2023<strong><br \/>\n<em>&#8211; <\/em><\/strong><em>Jan van Hoof galerie 30 jaar II\/III<\/em> &#8211; Jan van Hoof galerie &#8211; 2023<br \/>\n<strong>&#8211; <\/strong><em>Wandkleed Geranium meteoor 44w &#8211; <\/em>stadsschouwburg Utrecht &#8211; 2023<strong><br \/>\n<\/strong>&#8211; <em>Familiekamerkunstprijs &#8211; <\/em>Familiekamer Advocaten<em> &#8211; <\/em>Leiden &#8211; 2022<strong><br \/>\n<\/strong>&#8211; <em>Fabeldieren in glas<\/em> &#8211; Marc Mulders &amp; Jorn van Leeuwen &#8211; Glaslab&nbsp;&nbsp;&nbsp;&nbsp;&nbsp;&nbsp;&nbsp;&nbsp;&nbsp;&nbsp;&nbsp;&nbsp;&nbsp;&nbsp;&nbsp;&nbsp;&nbsp;&nbsp;&nbsp;&nbsp;&nbsp;&nbsp;&nbsp;&nbsp;&nbsp;&nbsp;&nbsp;&nbsp;&nbsp;&nbsp;<br \/>\n&nbsp; \u2019s-Hertogenbosch &#8211; 2021<strong><br \/>\n&#8211; <\/strong><em>Pannenkoek en appeltaart &#8211; <\/em>Kunstuitleen Utrecht &#8211; Landhuis Oud Amelisweerd &#8211; 2021<strong><br \/>\n<\/strong>&#8211;<em> Het genereuze gebaar &#8211; <\/em>Museum Slager &#8211; \u2019s-Hertogenbosch &#8211; 2021<strong><br \/>\n&#8211; <\/strong><em>Kunstkamer Delft &#8211; <\/em>Delft &#8211; 2021<strong><br \/>\n&#8211;<\/strong> <em>End of season <\/em>&#8211; Jan van Hoof Galerie &#8211; 2021<br \/>\n<strong>&#8211; <\/strong><em>Flowers as unusual &#8211; <\/em>Jan van Hoof Galerie &#8211; 2020<strong><br \/>\n&#8211; <\/strong><em>Boven de bank<\/em><strong> &#8211; <\/strong>Galerie Logman &#8211; Utrecht &#8211; 2020<strong><br \/>\n&#8211; <\/strong><em>SOTT<\/em> <em>(Sign of the times)<\/em> &#8211; Museum Jan Cunen &#8211; Oss &#8211; 2019<strong><br \/>\n&#8211; <\/strong><em>Vergezicht <\/em>&#8211; Jan van Hoof Galerie <em>(samengesteld door JanPeter Muilwijk)- <\/em>2019&nbsp;&nbsp;&nbsp;&nbsp;&nbsp;&nbsp;&nbsp; <strong>&#8211; <\/strong><em>Amuse <\/em>&#8211; Galerie Wilms &#8211; Venlo &#8211; 2019<strong><br \/>\n&#8211; <\/strong><em>Rose des Vents<\/em><strong> &#8211;<\/strong> Park (<em>samengesteld door Reinoud van Vught<\/em>) &#8211; Tilburg &#8211; 2018<strong><br \/>\n<\/strong>&#8211; <em>Oase Oranjewoud<\/em><strong> &#8211;<\/strong> Museum Belvedere &#8211; Heerenveen &#8211; 2018<strong><br \/>\n&#8211; <\/strong><em>End of season <\/em>&#8211; Jan van Hoof galerie &#8211; 2018<strong><br \/>\n<\/strong>&#8211; <em>Mellerst\u00f6n<\/em> &#8211; Jorn van Leeuwen en Sigrid van der Mersch &#8211; Galerie Niek Waterbolk &#8211;<br \/>\n&nbsp;Utrecht &#8211; 2018<br \/>\n<strong>&#8211; <\/strong><em>Nothing but good<\/em><strong> &#8211; <\/strong>Park &#8211; Tilburg &#8211; 2018<strong><br \/>\n<\/strong><em>&#8211; 25 jaar Jan van Hoof galerie &#8211; jubileumtentoonstelling 1 &#8211; <\/em>2018<strong><br \/>\n&#8211; <\/strong><em>Secret Postcad Sale &#8211; <\/em>We like art &#8211; Westergasfabriek Amsterdam &#8211; 2017<strong><br \/>\n&#8211; <\/strong><em>In de geest van Van Gogh &#8211; <\/em>Van GoghHuis Zundert &#8211; 2017<strong><br \/>\n&#8211; <\/strong><em>Bij nacht en ontij<\/em> &#8211; Rens Krikhaar &amp; Jorn van Leeuwen &#8211; Koornmarktspoort &#8211;<br \/>\n&nbsp; stedelijk museum Kampen 2017<br \/>\n&#8211; <em>Utrecht down under<\/em> &#8211; Oudegracht &#8211; Utrecht &#8211; 2017<strong><br \/>\n&#8211;<\/strong> <em>Dialoog &#8211; Dialogue<\/em> &#8211; Reinoud van Vught &amp; Jorn van Leeuwen &#8211; Van Kranendonk<br \/>\n&nbsp; Gallery &#8211; Den Haag<strong> &#8211; <\/strong>2017<strong><br \/>\n<\/strong>&#8211; <em>Tuin der Kunsten<\/em> &#8211; kasteel Arcen i.s.m. Galerie Wilms en Museum van Bommel van<br \/>\n&nbsp; Dam &#8211; Arcen &#8211; 2016<br \/>\n&#8211; <em>Overschilderschilderij laag 116<\/em> &#8211; De Aanschouw Rotterdam &#8211; project Daan den<br \/>\n&nbsp; Houter &#8211; 2016<br \/>\n&#8211; <em>Multiverse &#8211; <\/em>Academiegalerie Utrecht <em>(samengesteld door Margreeth Kortekaas)<\/em> &#8211;<br \/>\n&nbsp; 2016<br \/>\n&#8211; <em>Reiskoorts<\/em> &#8211; De Hallen &#8211; Haarlem &#8211; 2016<br \/>\n&#8211; <em>nature \/&nbsp; term\u00e9szet &#8211; <\/em>Sz\u00e9ph\u00e1rom Community Center &#8211; Budapest &#8211; 2016<br \/>\n&#8211; <em>Op zoek naar van Gogh <\/em>&#8211; Van Goghkamer &#8211; Vincent van GoghHuis Zundert &#8211; 2016<br \/>\n&#8211; <em>Drawing Front (and back)<\/em> &#8211; Quartair Den Haag &#8211; 2016<br \/>\n&#8211; <em>HKU Royal Club, Dutch Painting<\/em> &#8211; bibliotheek van de Europese Raad Brussel &#8211; 2016<strong><br \/>\n<\/strong>&#8211; <em>Royal Club<\/em><strong> &#8211; <\/strong>Academiegalerie Utrecht &#8211; 2015<br \/>\n&#8211; <em>ParkinG<\/em> &#8211; Goirle &#8211; 2015<br \/>\n&#8211; <em>Couleur Locale II<\/em> &#8211; <a href=\"http:\/\/www.janvanhoofgalerie.nl\/\">Jan van Hoof Galerie<\/a> &#8211; 2015<br \/>\n&#8211; <em>De vijf van Wijk<\/em> &#8211; Galerie Jacoba Wijk &#8211; 2015<strong><br \/>\n<\/strong>&#8211; <em>Vegetaal<\/em> &#8211; Galerie Wilms <em>(samengesteld door Reinoud van Vught) &#8211; <\/em>2015<strong><br \/>\n<\/strong>&#8211; <em>Wintertentoonstelling<\/em> &#8211; Studio van Dusseldorp <em>(samengesteld door Reinoud van<br \/>\n&nbsp; Vught)<\/em> &#8211; 2014<strong><br \/>\n<\/strong>&#8211; <em>Van Arendonk tot Warffemius &#8211;<\/em> Jan van Hoof Galerie &#8211; 2014<br \/>\n&#8211; <em>Maria Hemels Blauw &#8211; <\/em><a href=\"http:\/\/park013.nl\/\">Park<\/a> Tilburg <em>(samengesteld door Marc Mulders) &#8211; <\/em>2014<br \/>\n&#8211; <em>Een persoonlijke keuze II<\/em> &#8211; Jan van Hoof Galerie &#8211; 2014<br \/>\n&#8211; <em>7 jonge schilders naar Zundert<\/em> &#8211; <a href=\"http:\/\/www.vangoghhuis.com\/\">Vincent van GoghHuis Zundert<\/a> &#8211; 2014<br \/>\n&#8211; <em>Geraniums in de tuin van Jan F. Nauta en Sible de&nbsp; Blaauw &#8211; <\/em><a href=\"http:\/\/www.galeriejacobawijk.nl\/index.php\">Galerie Jacoba Wijk<\/a> &#8211;<br \/>\n&nbsp; 2014<br \/>\n&#8211; <em>Natuur\/natuur &#8211; <\/em>Kunstruimte Kuub Utrecht &#8211; samengesteld door Koos van Duinen &#8211;<br \/>\n&nbsp; 2014<strong><br \/>\n<\/strong>&#8211; <em>Museumnacht Delft,<\/em> <em>Geraniums in de nacht<\/em><strong> &#8211; <\/strong>Delft &#8211; 2013<br \/>\n&#8211; <em>Tentoonstelling&nbsp; Koninklijke Prijs voor de Vrije Schilderkunst 2013<\/em> &#8211; Koninklijk<br \/>\n&nbsp; Paleis Amsterdam &#8211; 2013<br \/>\n&#8211; <em>Update<\/em> &#8211; Jorn van Leeuwen en&nbsp; Jos Koomen &#8211; Utrecht &#8211; 2013<br \/>\n&#8211; <em>Achter de Geraniums<\/em> &#8211; Kunsthuis Verse Vis &#8211; Utrecht &#8211; 2012<br \/>\n&#8211; <em>Laagbouw Zuid<\/em> &#8211; Utrecht &#8211; 2011<br \/>\n&#8211; <em>Landschap Leeft<\/em> &#8211; Kasteel Groeneveld &#8211; Baarn 2010<br \/>\n&#8211; <em>Hotelkamer 820 &#8211; <\/em>Hotel Bloom &#8211; Brussel &#8211; 2008<\/p>\n<p><strong>Beurzen<\/strong><br \/>\nPan Amsterdam<br \/>\nArt Rotterdam<br \/>\nKunstrai Amsterdam<br \/>\nArt the Hague Den Haag<br \/>\nRaw art fair Rotterdam<br \/>\nRealisme, de beurs voor hedendaagse figuratie Amsterdam<\/p>\n<p><strong>Glas-in-lood ramen<\/strong><br \/>\n&#8211; <em>Lion-sur-Mer<\/em> &#8211; oranjerie Jan Nauta en Sible de Blaauw &#8211; Slochteren &#8211; 2020<br \/>\n&#8211; <em>8 zonnebloemen<\/em> &#8211; plafondraam in opdracht van Harald Swinkels &#8211; Amsterdam &#8211; 2023<br \/>\n&#8211; <em>De Swinkels ramen<\/em> &#8211; 3 ramen boven de entree in opdracht van Harald Swinkels &#8211;<br \/>\n&nbsp; Amsterdam &#8211; 2024<\/p>\n<p><strong>Prijzen\/Nominaties<br \/>\n<\/strong>&#8211; winnaar Koninklijke Prijs voor de vrije schilderkunst 2013<br \/>\n&#8211; nominatie \u2018De Scheffer\u2019 &#8211; Vereniging Dordrechts Museum 2015<br \/>\n&#8211; nominatie FamiliekamerKunstprijs&nbsp;2020 &#8211; De Familiekamer Advocaten &amp; Mediators<\/p>\n<p><strong>Collecties:<br \/>\n&#8211; <\/strong>collectie ministerie van buitenlandse zaken<br \/>\n<strong>&#8211; <\/strong>collectie ministerie van buitenlandse zaken<br \/>\n&#8211; Stedelijk Museum Kampen<strong><br \/>\n<\/strong>&#8211; Vincent van GoghHuis Zundert<br \/>\n&#8211; APG kunstcollectie<br \/>\n&#8211; Dela Eindhoven kunstcollectie<br \/>\n&#8211; Isala kunstcollectie<br \/>\n&#8211; Kunstuitleen Utrecht<br \/>\n&#8211; collectie UMC Utrecht<br \/>\n&#8211; particuliere collecties in binnen- en buitenland<\/p>\n<p><strong><br \/>\nResidenties<br \/>\n<\/strong>&#8211; residentie Glaslab Den Bosch &#8211; 2018<br \/>\n&#8211; werkperiode Textiellab Tilburg &#8211; wandkleed Winter2015W<br \/>\n&#8211; werkreis Noordkaap &#8211; 4 tekeningen voor het boek Wassende maan &#8211; 2016<br \/>\n&#8211; werkperiode in Arles, Frankrijk voor tv programma Krabb\u00e9 zoekt van Gogh &#8211; 2015<br \/>\n&#8211; werkperiode Textiellab Tilburg &#8211; wandkleed Geranium Meteoor 44W &#8211; 2015<br \/>\n&#8211; residentie Vincent van GoghHuis Zundert &#8211; 2014<br \/>\n<strong><br \/>\nPublicaties (selectie)<br \/>\n&#8211;<\/strong> Boek 8 &#8211; in samenwerking met Autograph (Peter Korsman) en Jan van Hoof Galerie<strong><br \/>\n&#8211; <\/strong><em>Vanwege Vincent<\/em> &#8211; uitgave ter gelegenheid van het tienjarig bestaan van het van<br \/>\n&nbsp; Gogh AiR programma &#8211; 2022<strong><br \/>\n&#8211; <\/strong><em>SOTT <\/em><strong>&#8211; <\/strong>uitgave bij tentoonstelling Sign of the Times &#8211; 2019<strong><br \/>\n&#8211; <\/strong><em>NRC &#8211; Leven<\/em> &#8211; NRC Handelsblad &#8211; 9 maart 2019<strong><br \/>\n<\/strong>&#8211; <em>Glaslab den Bosch (item tv-programma) <\/em>&#8211; omroep max &#8211; 2018<br \/>\n&#8211; <em>Achter het masker:SOTT<\/em> &#8211; Palet &#8211; Merel van den Nieuwenhof &#8211; 2018<br \/>\n&#8211; <em>Glaswerkplaats Den Bosch van start<\/em> &#8211; Brabants Dagblad &#8211; Gerrit van Hoven &#8211; 2018<strong><br \/>\n<\/strong>&#8211; <em>Exposities zijn een feestje<\/em> &#8211; Brabants Dagblad &#8211; Gerrit van Hoven<strong> &#8211; <\/strong>2018<strong><br \/>\n&#8211; <\/strong><em>Park &#8211; 2016-2018<\/em> &#8211; 2018<strong><br \/>\n<\/strong><em>&#8211; Reflectie, Troost, Doorgeven &#8211; <\/em>Overzicht van de vierde 100 aanwinsten voor de<br \/>\n&nbsp; kunstcollectie van DELA &#8211; 2017<strong><br \/>\n<\/strong>&#8211; <em>Isala Kunstcollectie <\/em>&#8211; Kunstroute &#8211; binnenroute &#8211; 2017<br \/>\n<em>&#8211; Wassende maan &#8211; <\/em>Jorn van Leeuwen &#8211; werk van 2013-2016 &#8211; uitgegeven door Will en<br \/>\n&nbsp; Jan van Hoof fonds &#8211; 2016<br \/>\n&#8211; <em>Park &#8211; 2013-2015 &#8211; <\/em>Uitgave van Stichting Park &#8211; 2016<em><br \/>\n&nbsp; Reiskoorts bij Nederlandse kunstenaars sinds 1850<\/em> &#8211; Frans Hals Museum\/De Hallen<br \/>\n&nbsp; Haarlem &#8211; 99Uitgevers &#8211; 2016<br \/>\n<em>&#8211; Drawing Front<\/em> <em>magazine<\/em> &#8211; 2016<br \/>\n&#8211; <em>Tortuca<\/em> nr 37 &#8211; <em>Jorn van Leeuwen &#8211; Geranium Meteoor &#8211; 2015<br \/>\n<\/em>&#8211; <em>Krabb\u00e9 zoekt van Gogh<\/em> &#8211; <em>aflevering 4 &#8211; Arles<\/em> (tv serie) &#8211; 2015<br \/>\n&#8211; <em>Zeven jonge schilders in de voetsporen van Van Gogh<\/em> &#8211; NRC Handelsblad cultureel supplement &#8211; Lucette ter Borg &#8211; donderdag 26 juni 2014<br \/>\n&#8211; <em>De Geranium ten voeten uit<\/em> &#8211; Dagblad van het noorden &#8211; Illand Pietersma &#8211; woensdag 25 juni 2014<br \/>\n&#8211; <em>Een klinische benadering<\/em> &#8211; Palet NR 372 &#8211; Eric Beets &#8211; 2014<br \/>\n&#8211; <em>Het bronzen van verf<\/em> &#8211; Km Magazine &#8211; Pieter Keune &#8211; 2014<br \/>\n<em>&#8211; Marc Mulders over de 7 jonge schilders<\/em> &#8211; Vincent van GoghHuis Zundert &#8211; 2014<br \/>\n&#8211; <em>Jorn van Leeuwen\/Vincent van Gogh &#8211; <\/em>Nothing But good &#8211; 20 december 2014<br \/>\n&#8211; <em>Je moet ze haast kunnen ruiken<\/em> &#8211; NRC Handelsblad cultureel supplement &#8211; Gijsbert van&nbsp; der Wal &#8211; 31 oktober 2013<br \/>\n<em>&#8211; Koninklijke bedenkingen bij een prijs voor de schilderkunst, het gemis van Wim T.Schippers en de stille kreet uit de navel van de aarde<\/em> &#8211; De Volkskrant &#8211; Jeanne Prisser &#8211; vrijdag 11 oktober 2013<br \/>\n&#8211; <em>Koninklijke prijs voor inventieve truttigheid<\/em> &#8211; Nrc Weekend &#8211; Sandra<br \/>\n&nbsp; Smallenburg &#8211; 5 oktober 2013<\/p>\n<p><strong>Opleidingen:<br \/>\n<\/strong>2004 &#8211; 2008: Hogeschool voor de Kunsten Utrecht &#8211; Docentenopleiding<br \/>\n2002 &#8211; 2004: Lengkeek Architecten en Ingenieurs b.v., functie: Bouwkundig Tekenaar<br \/>\n1999 &#8211; 2002: ROC Bouwkunde Utrecht<\/p>\n<p>&nbsp;<\/p>\n<p>&nbsp;<\/p>\n<p>&nbsp;<\/p>\n","protected":false},"excerpt":{"rendered":"<p>Jorn van Leeuwen, Utrecht 1982 Woont in De Bilt Werkt in Utrecht Solotentoonstellingen &#8211; 8 &#8211; museum Jan Cunen &#8211; Oss &#8211; 2024 &#8211; vensters en nachtvissen &#8211; Jan van Hoof Galerie &#8211; \u2019s-Hertogenbosch &#8211; 2023 &#8211; Suilen &#8211; Afslag &hellip; <a href=\"https:\/\/www.jornvanleeuwen.nl\/?page_id=44\">Lees verder <span class=\"meta-nav\">&rarr;<\/span><\/a><\/p>\n","protected":false},"author":1,"featured_media":0,"parent":0,"menu_order":5,"comment_status":"closed","ping_status":"closed","template":"","meta":{"ngg_post_thumbnail":0,"footnotes":""},"class_list":["post-44","page","type-page","status-publish","hentry"],"_links":{"self":[{"href":"https:\/\/www.jornvanleeuwen.nl\/index.php?rest_route=\/wp\/v2\/pages\/44","targetHints":{"allow":["GET"]}}],"collection":[{"href":"https:\/\/www.jornvanleeuwen.nl\/index.php?rest_route=\/wp\/v2\/pages"}],"about":[{"href":"https:\/\/www.jornvanleeuwen.nl\/index.php?rest_route=\/wp\/v2\/types\/page"}],"author":[{"embeddable":true,"href":"https:\/\/www.jornvanleeuwen.nl\/index.php?rest_route=\/wp\/v2\/users\/1"}],"replies":[{"embeddable":true,"href":"https:\/\/www.jornvanleeuwen.nl\/index.php?rest_route=%2Fwp%2Fv2%2Fcomments&post=44"}],"version-history":[{"count":101,"href":"https:\/\/www.jornvanleeuwen.nl\/index.php?rest_route=\/wp\/v2\/pages\/44\/revisions"}],"predecessor-version":[{"id":1459,"href":"https:\/\/www.jornvanleeuwen.nl\/index.php?rest_route=\/wp\/v2\/pages\/44\/revisions\/1459"}],"wp:attachment":[{"href":"https:\/\/www.jornvanleeuwen.nl\/index.php?rest_route=%2Fwp%2Fv2%2Fmedia&parent=44"}],"curies":[{"name":"wp","href":"https:\/\/api.w.org\/{rel}","templated":true}]}}